{"id":9087,"date":"2019-01-22T14:19:20","date_gmt":"2019-01-22T13:19:20","guid":{"rendered":"https:\/\/max-grundig-klinik.de\/zeit-fuer-ihre-gesundheit\/"},"modified":"2025-08-06T12:19:39","modified_gmt":"2025-08-06T10:19:39","slug":"zeit-fuer-ihre-gesundheit","status":"publish","type":"page","link":"https:\/\/www.max-grundig-klinik.de\/en\/max-grundig-konzept\/zeit-fuer-ihre-gesundheit\/","title":{"rendered":"Zeit f\u00fcr Ihre Gesundheit"},"content":{"rendered":"<div class=\"wpb-content-wrapper\"><p>[vc_row el_class=&#8221;rowFullSizeSlider&#8221;][vc_column offset=&#8221;vc_col-lg-12 vc_col-md-12 vc_col-xs-12&#8243;]\n\t\t\t<!-- START MGK_Konzept REVOLUTION SLIDER 6.6.14 --><p class=\"rs-p-wp-fix\"><\/p>\n\t\t\t<rs-module-wrap id=\"rev_slider_88_1_wrapper\" data-source=\"gallery\" style=\"visibility:hidden;background:rgba(0,0,0,0);padding:0;background-image:url(https:\/\/max-grundig-klinik.de\/wp-content\/uploads\/th_eingang.jpg);background-repeat:no-repeat;background-size:cover;background-position:center center;\">\n\t\t\t\t<rs-module id=\"rev_slider_88_1\" style=\"\" data-version=\"6.6.14\">\n\t\t\t\t\t<rs-slides style=\"overflow: hidden; position: absolute;\">\n\t\t\t\t\t\t<rs-slide style=\"position: absolute;\" data-key=\"rs-212\" data-title=\"beleuchteter Eingang\" data-anim=\"ms:600;r:0;\" data-in=\"o:0;\" data-out=\"a:false;\">\n\t\t\t\t\t\t\t<img decoding=\"async\" src=\"\/\/www.max-grundig-klinik.de\/wp-content\/plugins\/revslider\/public\/assets\/assets\/dummy.png\" alt=\"\" title=\"Zeit f\u00fcr Ihre Gesundheit\" class=\"rev-slidebg tp-rs-img rs-lazyload\" data-lazyload=\"\/\/max-grundig-klinik.de\/wp-content\/uploads\/04_slider_Eingang.jpg\" data-no-retina>\n<!--\n\t\t\t\t\t\t\t--><rs-layer\n\t\t\t\t\t\t\t\tid=\"slider-88-slide-212-layer-3\" \n\t\t\t\t\t\t\t\tdata-type=\"text\"\n\t\t\t\t\t\t\t\tdata-rsp_ch=\"on\"\n\t\t\t\t\t\t\t\tdata-xy=\"x:c;xo:0,1px,0,1px;y:m;yo:35px,-6px,0,8px;\"\n\t\t\t\t\t\t\t\tdata-text=\"w:normal;s:80,88,60,25;l:120,110,90,90;ls:13px,13px,13px,11px;a:center;\"\n\t\t\t\t\t\t\t\tdata-dim=\"w:1328px,772px,586px,294px;h:226px,455px,auto,368px;\"\n\t\t\t\t\t\t\t\tdata-frame_0=\"tp:600;\"\n\t\t\t\t\t\t\t\tdata-frame_1=\"tp:600;sR:10;\"\n\t\t\t\t\t\t\t\tdata-frame_999=\"o:0;tp:600;st:w;sR:4690;\"\n\t\t\t\t\t\t\t\tstyle=\"z-index:6;font-family:'Josefin Sans';\"\n\t\t\t\t\t\t\t><span style=\"font-family: bellefair\">A Very Unique <\/span> <br> <span style=\"text-transform: uppercase; font-weight: 600;\">Concept of <wbr>Health<\/span> \n\t\t\t\t\t\t\t<\/rs-layer><!--\n\n\t\t\t\t\t\t\t--><rs-layer\n\t\t\t\t\t\t\t\tid=\"slider-88-slide-212-layer-5\" \n\t\t\t\t\t\t\t\tclass=\"rs-fsv rs-nolc rs-layer-video intrinsic-ignore\"\n\t\t\t\t\t\t\t\tdata-type=\"video\"\n\t\t\t\t\t\t\t\tdata-rsp_ch=\"on\"\n\t\t\t\t\t\t\t\tdata-xy=\"x:0;y:0;\"\n\t\t\t\t\t\t\t\tdata-text=\"l:22;a:inherit;\"\n\t\t\t\t\t\t\t\tdata-dim=\"w:100%;h:100%;\"\n\t\t\t\t\t\t\t\tdata-basealign=\"slide\"\n\t\t\t\t\t\t\t\tdata-video=\"vfc:true;twa:false;vd:100;rwd:f;fc:true;l:false;ptimer:false;nse:f;sav:f;inl:f;\"\n\t\t\t\t\t\t\t\tdata-poster=\"\/\/max-grundig-klinik.de\/wp-content\/uploads\/th_eingang.jpg\"\n\t\t\t\t\t\t\t\tdata-mp4=\"\/\/max-grundig-klinik.de\/wp-content\/uploads\/Eingang_Buehlerhoehe.mp4\"\n\t\t\t\t\t\t\t\tdata-frame_0=\"tp:600;\"\n\t\t\t\t\t\t\t\tdata-frame_1=\"tp:600;sR:10;\"\n\t\t\t\t\t\t\t\tdata-frame_999=\"o:0;tp:600;st:w;sR:4690;\"\n\t\t\t\t\t\t\t\tstyle=\"z-index:5;\"\n\t\t\t\t\t\t\t>\n\t\t\t\t\t\t\t<\/rs-layer><!--\n-->\t\t\t\t\t\t<\/rs-slide>\n\t\t\t\t\t<\/rs-slides>\n\t\t\t\t\t<rs-static-layers><!--\n\t\t\t\t\t--><\/rs-static-layers>\n\t\t\t\t<\/rs-module>\n\t\t\t\t<script>\n\t\t\t\t\tsetREVStartSize({c: 'rev_slider_88_1',rl:[1240,1024,778,480],el:[400,600,800,500],gw:[1300,800,600,300],gh:[400,600,800,500],type:'hero',justify:'',layout:'fullscreen',offsetContainer:'',offset:'',mh:\"0\"});if (window.RS_MODULES!==undefined && window.RS_MODULES.modules!==undefined && window.RS_MODULES.modules[\"revslider881\"]!==undefined) {window.RS_MODULES.modules[\"revslider881\"].once = false;window.revapi88 = undefined;if (window.RS_MODULES.checkMinimal!==undefined) window.RS_MODULES.checkMinimal()}\n\t\t\t\t<\/script>\n\t\t\t<\/rs-module-wrap>\n\t\t\t<!-- END REVOLUTION SLIDER -->\n[\/vc_column][\/vc_row][vc_row][vc_column][vc_column_text]<a id=\"zeit_fuer_gesundheit\"><\/a>[\/vc_column_text][\/vc_column][\/vc_row][vc_row css_animation=&#8221;none&#8221; row_content_width=&#8221;grid&#8221; el_class=&#8221;rowTitleSubtitle&#8221;][vc_column offset=&#8221;vc_col-lg-12 vc_col-md-12 vc_col-xs-12&#8243;]<div class=\"mkd-elements-holder   mkd-one-column  mkd-responsive-mode-768 \" ><div class=\"mkd-eh-item    \"  data-item-class=\"mkd-eh-custom-7807\">\n\t<div class=\"mkd-eh-item-inner\">\n\t\t<div class=\"mkd-eh-item-content mkd-eh-custom-7807\" style=\"padding: 10px 0 0 0\">\n\t\t\t<div class=\"mkd-section-title-holder  \" style=\"text-align: center\">\n\t<div class=\"mkd-st-inner\">\n\t\t\t\t\t<h2 class=\"mkd-st-title\" >\n\t\t\t\tTime for Your Health\t\t\t<\/h2>\n\t\t\t\t\t\t\t<\/div>\n<\/div><div class=\"mkd-section-title-holder  \" style=\"text-align: right\">\n\t<div class=\"mkd-st-inner\">\n\t\t\t\t\t\t\t<div class=\"mkd-separator-holder clearfix  mkd-separator-left \">\t<div class=\"mkd-separator\" style=\"border-color: #f2e9e9;width: 56px\"><\/div><\/div>\t\t\t<h5 class=\"mkd-st-subtitle\" >\n\t\t\t\tThe Concept of Max Grundig Clinic\t\t\t<\/h5>\n\t\t\t\t\t<\/div>\n<\/div>\t\t<\/div>\n\t<\/div>\n<\/div><\/div>[\/vc_column][\/vc_row][vc_row gap=&#8221;35&#8243; row_content_width=&#8221;grid&#8221; el_class=&#8221;row3Col&#8221;][vc_column width=&#8221;1\/3&#8243; el_class=&#8221;col3ColLeft&#8221; offset=&#8221;vc_col-lg-4 vc_col-md-12 vc_col-xs-12&#8243;][vc_column_text]We view the health of body and mind as a unity and thus actively further the vision of Max Grundig. He wanted the person as such to be the focus and not their respective illness. Connected to that, the doctor&#8217;s mission is to spend more time with the individual patient. Even nowadays, we actively live by this message and even more &#8211; for over 30 years, we have followed and developed these guidelines and complemented them with up-to-date findings in the medical fields.[\/vc_column_text][\/vc_column][vc_column width=&#8221;1\/3&#8243; el_class=&#8221;col3ColCenter&#8221; offset=&#8221;vc_col-lg-4 vc_col-md-12 vc_col-xs-12&#8243;][vc_column_text]This right extends to the medical part as much as to the functional area, the rooms, the restaurant, and the whole complex. Max Grundig Clinic is built on three pillars: internal medicine with a broad spectrum of specialized departments as well as excellent physicians, the check-up center, and the psychosomatics department.[\/vc_column_text][\/vc_column][vc_column width=&#8221;1\/3&#8243; el_class=&#8221;col3ColRight&#8221; offset=&#8221;vc_col-lg-4 vc_col-md-12 vc_col-xs-12&#8243;][vc_column_text]The combination of efficient medicine and the ambiance of a top hotel creates ideal prerequisites for a quick recovery. The unique environment directly in the midst of the Black Forest, the scent of fir needles, and the pleasant atmosphere make Max Grundig Clinic into a unique place &#8211; to get well.[\/vc_column_text][\/vc_column][\/vc_row][vc_row content_text_aligment=&#8221;left&#8221; el_class=&#8221;rowFullWidthp0p200&#8243; parallax_background_image=&#8221;6375&#8243; parallax_bg_height=&#8221;600&#8243;][vc_column el_class=&#8221;mh225&#8243; offset=&#8221;vc_col-lg-12 vc_col-md-12 vc_col-xs-12&#8243;][\/vc_column][\/vc_row][vc_row][vc_column][vc_column_text]<a id=\"hightech_diagnostik\"><\/a>[\/vc_column_text][\/vc_column][\/vc_row][vc_row css_animation=&#8221;none&#8221; row_content_width=&#8221;grid&#8221; el_class=&#8221;rowTitleSubtitle&#8221;][vc_column offset=&#8221;vc_col-lg-12 vc_col-md-12 vc_col-xs-12&#8243;]<div class=\"mkd-elements-holder   mkd-one-column  mkd-responsive-mode-768 \" ><div class=\"mkd-eh-item titleSubtitle   \"  data-item-class=\"mkd-eh-custom-7163\">\n\t<div class=\"mkd-eh-item-inner\">\n\t\t<div class=\"mkd-eh-item-content mkd-eh-custom-7163\" >\n\t\t\t<div class=\"mkd-section-title-holder  \" style=\"text-align: center\">\n\t<div class=\"mkd-st-inner\">\n\t\t\t\t\t<h2 class=\"mkd-st-title\" >\n\t\t\t\tHi-Tech Diagnostic\t\t\t<\/h2>\n\t\t\t\t\t\t\t<\/div>\n<\/div><div class=\"mkd-section-title-holder  \" style=\"text-align: right\">\n\t<div class=\"mkd-st-inner\">\n\t\t\t\t\t\t\t<div class=\"mkd-separator-holder clearfix  mkd-separator-left \">\t<div class=\"mkd-separator\" style=\"border-color: #f2e9e9;width: 56px\"><\/div><\/div>\t\t\t<h5 class=\"mkd-st-subtitle\" >\n\t\t\t\tMaximum Diagnostic Security in Regard to the Person\t\t\t<\/h5>\n\t\t\t\t\t<\/div>\n<\/div>\t\t<\/div>\n\t<\/div>\n<\/div><\/div>[\/vc_column][\/vc_row][vc_row gap=&#8221;35&#8243; row_content_width=&#8221;grid&#8221; el_class=&#8221;row3Col&#8221;][vc_column width=&#8221;1\/3&#8243; el_class=&#8221;col3ColLeft&#8221; offset=&#8221;vc_col-lg-4 vc_col-md-12 vc_col-xs-12&#8243;][vc_column_text]Max Grundig Clinic stands for state-of-the-art technology, first-class medical assistance, and time. Time for patients and time for an elaborate diagnosis. The main focus: to proactively recognize or eliminate illnesses.[\/vc_column_text][\/vc_column][vc_column width=&#8221;1\/3&#8243; el_class=&#8221;col3ColCenter&#8221; offset=&#8221;vc_col-lg-4 vc_col-md-12 vc_col-xs-12&#8243;][vc_column_text]In our clinic, we therefore provide an interdisciplinary team which works together hand-in-hand for the well-being of our patients. That enables us to make ideal use of the ultra-modern technology, that is provided to our physicians.\u00a0 Amongst that technology is the CT 128 Slices, the MRI 3.0 Tesla, an on-site laboratory, an endoscopy department, and a high-definition ultrasound.[\/vc_column_text][\/vc_column][vc_column width=&#8221;1\/3&#8243; el_class=&#8221;col3ColRight&#8221; offset=&#8221;vc_col-lg-4 vc_col-md-12 vc_col-xs-12&#8243;][vc_column_text]Since we are dealing with almost every illness, we influence the decision of therapy significantly and thus clear the way for the therapeutic process. Consequently, the diagnosis is crucial &#8211; we are aware of this responsibility at all times.[\/vc_column_text][\/vc_column][\/vc_row][vc_row row_content_width=&#8221;grid&#8221; simple_background_color=&#8221;#dfd9a4&#8243; el_class=&#8221;rowQuote&#8221;][vc_column width=&#8221;1\/12&#8243; offset=&#8221;vc_hidden-xs&#8221;][\/vc_column][vc_column width=&#8221;5\/6&#8243; offset=&#8221;vc_col-lg-10 vc_col-md-10 vc_col-xs-12&#8243;]<div class=\"mkd-animation-holder mkd-element-from-left\" data-animation=\"mkd-element-from-left\" data-animation-delay=\"500\"><div class=\"mkd-animation-inner\"><div class=\"mkd-testimonials-holder mkd-testimonials-standard  clearfix\"><div class=\"mkd-separator-top-line\"><\/div><div class=\"mkd-cover-box\"><\/div><div class=\"mkd-author-separator-line\"><\/div><div class=\"mkd-testimonials mkd-owl-slider\" data-number-of-items=\"1\" data-enable-loop=\"yes\" data-enable-autoplay=\"yes\" data-slider-speed=\"5000\" data-slider-speed-animation=\"600\" data-enable-navigation=\"yes\" data-enable-pagination=\"no\"><div class=\"mkd-testimonial-content\" id=\"mkd-testimonials-25219\">\n\t<div class=\"mkd-testimonial-text-holder\">\n\t\t\t\t\t\t\t\t\t<p class=\"mkd-testimonial-text\">To unite health of body and mind. We have followed this vision of Max Grundig for over 30 years.<\/p>\n\t\t\t\t\t\t\t\t\t\t<span class=\"mkd-testimonial-author\">\n\t\t\t\t<span class=\"mkd-testimonials-author-name\">Andreas Spaetgens<\/span>\n\t\t\t\t\t\t\t\t\t<span class=\"mkd-testimonials-author-job\">Executive Director of Max Grundig Clinic<\/span>\n\t\t\t\t\t\t\t<\/span>\n\t\t    \t<\/div>\n\t<\/div><\/div><\/div><\/div><\/div>[\/vc_column][vc_column width=&#8221;1\/12&#8243; offset=&#8221;vc_hidden-xs&#8221;][\/vc_column][\/vc_row][vc_row][vc_column][vc_column_text]<a id=\"leitung\"><\/a>[\/vc_column_text][\/vc_column][\/vc_row][vc_row gap=&#8221;35&#8243; css_animation=&#8221;none&#8221; row_content_width=&#8221;grid&#8221; el_class=&#8221;row2ColImageRight&#8221;][vc_column width=&#8221;1\/2&#8243; offset=&#8221;vc_col-lg-6 vc_col-md-12 vc_col-xs-12&#8243; el_class=&#8221;col2ColTitleText&#8221;]<div class=\"mkd-elements-holder   mkd-one-column  mkd-responsive-mode-768 \" ><div class=\"mkd-eh-item col2ColTitleSubtitle   \"  data-item-class=\"mkd-eh-custom-8171\">\n\t<div class=\"mkd-eh-item-inner\">\n\t\t<div class=\"mkd-eh-item-content mkd-eh-custom-8171\" >\n\t\t\t<div class=\"mkd-section-title-holder  \" >\n\t<div class=\"mkd-st-inner\">\n\t\t\t\t\t<h2 class=\"mkd-st-title\" >\n\t\t\t\tAndreas Spaetgens\t\t\t<\/h2>\n\t\t\t\t\t\t\t<\/div>\n<\/div><div class=\"mkd-section-title-holder  \" style=\"text-align: right\">\n\t<div class=\"mkd-st-inner\">\n\t\t\t\t\t\t\t<div class=\"mkd-separator-holder clearfix  mkd-separator-left \">\t<div class=\"mkd-separator\" style=\"border-color: #f2e9e9;width: 56px\"><\/div><\/div>\t\t\t<h5 class=\"mkd-st-subtitle\" >\n\t\t\t\tExecutive Director of Max Grundig Clinic\t\t\t<\/h5>\n\t\t\t\t\t<\/div>\n<\/div>\t\t<\/div>\n\t<\/div>\n<\/div><\/div><div class=\"mkd-elements-holder   mkd-two-columns  mkd-responsive-mode-1024 \" ><div class=\"mkd-eh-item col2ColText   \"  data-item-class=\"mkd-eh-custom-7947\">\n\t<div class=\"mkd-eh-item-inner\">\n\t\t<div class=\"mkd-eh-item-content mkd-eh-custom-7947\" >\n\t\t\t[vc_column_text]After his graduation from school and the completion of his craftman&#8217;s training, he studied Business Administration with emphasis on hospital economics in Mainz. Later, he became assistant of the administrative director in the Clinic Niederbayern in Bad F\u00fcssing and after this, administrative director in the Malteser Clinic von Weckbecker in Bad Br\u00fcckenau. Before coming to Max Grundig Clinic, he was director at Medical Park Bad Rodach and the Therapy Centre Medical Park St.Theresien in Nuremberg. Since 2008, he is the executive director of Max Grundig Clinic.[\/vc_column_text]\t\t<\/div>\n\t<\/div>\n<\/div><\/div>[\/vc_column][vc_column width=&#8221;1\/2&#8243; el_class=&#8221;col2ColImage col2ColImageRight&#8221; offset=&#8221;vc_col-lg-6 vc_col-md-12 vc_col-xs-12&#8243;][vc_single_image image=&#8221;32005&#8243; img_size=&#8221;large&#8221;][\/vc_column][\/vc_row][vc_row gap=&#8221;35&#8243; css_animation=&#8221;none&#8221; row_content_width=&#8221;grid&#8221; el_class=&#8221;row2ColImageLeft&#8221;][vc_column width=&#8221;1\/2&#8243; offset=&#8221;vc_col-lg-6 vc_col-md-12 vc_col-xs-12&#8243; el_class=&#8221;col2ColImage col2ColImageLeft&#8221;][vc_single_image image=&#8221;33400&#8243; img_size=&#8221;large&#8221; css=&#8221;&#8221;][\/vc_column][vc_column width=&#8221;1\/2&#8243; el_class=&#8221;col2colTitleText&#8221; offset=&#8221;vc_col-lg-6 vc_col-md-12 vc_col-xs-12&#8243;]<div class=\"mkd-elements-holder   mkd-one-column  mkd-responsive-mode-768 \" ><div class=\"mkd-eh-item    \"  data-item-class=\"mkd-eh-custom-4092\">\n\t<div class=\"mkd-eh-item-inner\">\n\t\t<div class=\"mkd-eh-item-content mkd-eh-custom-4092\" style=\"padding: 10px 0 0 0\">\n\t\t\t<div class=\"mkd-section-title-holder  \" >\n\t<div class=\"mkd-st-inner\">\n\t\t\t\t\t<h2 class=\"mkd-st-title\" >\n\t\t\t\tProf. Dr. med. Timo Heidt\t\t\t<\/h2>\n\t\t\t\t\t\t\t<\/div>\n<\/div><div class=\"mkd-section-title-holder  \" style=\"text-align: right\">\n\t<div class=\"mkd-st-inner\">\n\t\t\t\t\t\t\t<div class=\"mkd-separator-holder clearfix  mkd-separator-left \">\t<div class=\"mkd-separator\" style=\"border-color: #f2e9e9;width: 56px\"><\/div><\/div>\t\t\t<h5 class=\"mkd-st-subtitle\" >\n\t\t\t\tChief Medical Officer of Max Grundig Clinic\t\t\t<\/h5>\n\t\t\t\t\t<\/div>\n<\/div>\t\t<\/div>\n\t<\/div>\n<\/div><\/div><div class=\"mkd-elements-holder   mkd-two-columns  mkd-responsive-mode-1024 \" ><div class=\"mkd-eh-item col2ColText   \"  data-item-class=\"mkd-eh-custom-7735\">\n\t<div class=\"mkd-eh-item-inner\">\n\t\t<div class=\"mkd-eh-item-content mkd-eh-custom-7735\" >\n\t\t\t[vc_column_text css=&#8221;&#8221;]Dr. Timo Heidt studied medicine at the universities of Saarland and Freiburg im Breisgau. After receiving his license to practice medicine in 2009, he completed his specialist training at the University Medical Center Freiburg and the University Heart Center Freiburg-Bad Krozingen, becoming a senior physician in the field of interventional treatment of coronary and structural heart disease in 2019. During a two-year research stay at Massachusetts General Hospital at the renowned Harvard University in Boston, USA, he investigated the role of the innate immune system after a heart attack and the interactions between the psyche and cardiovascular diseases. After completing his habilitation in 2018, he was appointed adjunct professor at the medical faculty of the Albert Ludwig University of Freiburg in 2022. He is a proven expert in the field of interventional therapies and non-invasive imaging (cardiac MRI and CT). He holds additional training in cardiac MRI and is certified to the highest national and international standards. Thanks to his experience as head of the blood pressure clinic at the University Heart Center Freiburg-Bad Krozingen, he specializes in the optimization of cardiovascular risk factors. He has been Chief Physician of Cardiology at the Max Grundig Clinic since October 2023 and has been Medical Director of the clinic since June 2025.[\/vc_column_text]\t\t<\/div>\n\t<\/div>\n<\/div><\/div>[\/vc_column][\/vc_row][vc_row content_text_aligment=&#8221;left&#8221; el_class=&#8221;rowFullWidthp0p200&#8243; parallax_background_image=&#8221;22979&#8243; parallax_bg_height=&#8221;600&#8243;][vc_column el_class=&#8221;mh225&#8243; offset=&#8221;vc_col-lg-12 vc_col-md-12&#8243;][\/vc_column][\/vc_row][vc_row][vc_column][vc_column_text]<a id=\"geschichte\"><\/a>[\/vc_column_text][\/vc_column][\/vc_row][vc_row css_animation=&#8221;none&#8221; row_content_width=&#8221;grid&#8221; el_class=&#8221;rowTitleSubtitle&#8221;][vc_column offset=&#8221;vc_col-lg-12 vc_col-md-12 vc_col-xs-12&#8243;]<div class=\"mkd-elements-holder   mkd-one-column  mkd-responsive-mode-768 \" ><div class=\"mkd-eh-item    \"  data-item-class=\"mkd-eh-custom-4405\">\n\t<div class=\"mkd-eh-item-inner\">\n\t\t<div class=\"mkd-eh-item-content mkd-eh-custom-4405\" style=\"padding: 10px 0 0 0\">\n\t\t\t<div class=\"mkd-section-title-holder  \" style=\"text-align: center\">\n\t<div class=\"mkd-st-inner\">\n\t\t\t\t\t<h2 class=\"mkd-st-title\" >\n\t\t\t\tMax Grundig\t\t\t<\/h2>\n\t\t\t\t\t\t\t<\/div>\n<\/div><div class=\"mkd-section-title-holder  \" style=\"text-align: right\">\n\t<div class=\"mkd-st-inner\">\n\t\t\t\t\t\t\t<div class=\"mkd-separator-holder clearfix  mkd-separator-left \">\t<div class=\"mkd-separator\" style=\"border-color: #f2e9e9;width: 56px\"><\/div><\/div>\t\t\t<h5 class=\"mkd-st-subtitle\" >\n\t\t\t\tThe Founder of Our Clinic\t\t\t<\/h5>\n\t\t\t\t\t<\/div>\n<\/div>\t\t<\/div>\n\t<\/div>\n<\/div><\/div>[\/vc_column][\/vc_row][vc_row gap=&#8221;35&#8243; row_content_width=&#8221;grid&#8221; el_class=&#8221;row3Col&#8221;][vc_column width=&#8221;1\/3&#8243; el_class=&#8221;col3ColLeft&#8221; offset=&#8221;vc_col-lg-4 vc_col-md-12 vc_col-xs-12&#8243;][vc_column_text el_class=&#8221;textImageTop&#8221;]<img decoding=\"async\" class=\"size-medium wp-image-22982 alignleft\" src=\"https:\/\/max-grundig-klinik.de\/wp-content\/uploads\/max-grundig-300x253.jpg\" alt=\"\" width=\"100%\" height=\"auto\" srcset=\"https:\/\/www.max-grundig-klinik.de\/wp-content\/uploads\/max-grundig-300x253.jpg 300w, https:\/\/www.max-grundig-klinik.de\/wp-content\/uploads\/max-grundig-768x647.jpg 768w, https:\/\/www.max-grundig-klinik.de\/wp-content\/uploads\/max-grundig.jpg 773w\" sizes=\"(max-width: 300px) 100vw, 300px\" \/><\/p>\n<p>Max Grundig was born May 7th in 1908 in Nuremberg, where he grew up in meagre conditions together with his mother and his three sisters after the early death of his father Max Emil. By the age of 16 he became interested in the new medium radio. After inital tinkering in his own home he made his hobby into a profession in 1930 and opened a specialised store for radio sets in F\u00fcrth together with a partner.[\/vc_column_text][\/vc_column][vc_column width=&#8221;1\/3&#8243; el_class=&#8221;col3ColCenter&#8221; offset=&#8221;vc_col-lg-4 vc_col-md-12 vc_col-xs-12&#8243;][vc_column_text]The business ran well. Soon, Grundig employed his own three sisters, payed off his partner, and already produced 30,000 miniature transformers by 1938.<\/p>\n<p>The actual rise of Max Grundig into a leading entrepreneur in the entertainment electronics started after World War II. On May 15 in 1945, Grundig inaugurated a production site for universal transformers in the Jakobinerstra\u00dfe 24 in F\u00fcrth, while using machinery and resources from the war period. F\u00fcrth became the centre of his global corporation.<\/p>\n<p>Starting in 1952, Max Grundig was the biggest European producer of radio sets and the leading producer of tape recorders in the world. Soon, television sets and dictating machines were introduced into his portfolio. In 1971, the conversion into a stock corporation took place: the Grundig AG. Only a few years later the company occupied over 38,000 employees.[\/vc_column_text][\/vc_column][vc_column width=&#8221;1\/3&#8243; el_class=&#8221;col3ColRight&#8221; offset=&#8221;vc_col-lg-4 vc_col-md-12 vc_col-xs-12&#8243;][vc_column_text]In the later half of the 1970s, a new innovation, the video recorder, was introduced into the market and with it, a rise of competition from Japan and later other countries from the Far East occurred. In 1979, Max Grundig decided to cooperate with the Dutch competitor Philips by providing them with a minority holding of his own company. Five years later, he was leading the fundamental restructuring of the ownership structures in the Grundig companies which was completed after two decades.<\/p>\n<p>Max Grundig died on December 8th,1989 in Baden-Baden. The brand Grundig survived until nowadays all over the world &#8211; as a label for innovative end devices in the entertainment electronics industry. However, Max Grundig was not only a legendary entrepreneur during the years of the &#8220;economic miracle&#8221;, but a person feeling deeply committed to the well-being of society. To him, we owe the acquisition of the former sanitorium on the B\u00fchlerh\u00f6he, our beautiful clinic &#8211; Max Grundig Clinic.[\/vc_column_text][\/vc_column][\/vc_row][vc_row el_class=&#8221;rowInfo&#8221;][vc_column][vc_column_text]<\/p>\n<h5 style=\"text-align: center;\">We are looking forward to welcoming you: <a href=\"mailto:international@max-grundig-klinik.de\">international@max-grundig-klinik.de<\/a><\/h5>\n<p>[\/vc_column_text][\/vc_column][\/vc_row]<\/p>\n<\/div>","protected":false},"excerpt":{"rendered":"<p>[vc_row el_class=&#8221;rowFullSizeSlider&#8221;][vc_column offset=&#8221;vc_col-lg-12 vc_col-md-12 vc_col-xs-12&#8243;][\/vc_column][\/vc_row][vc_row][vc_column][vc_column_text][\/vc_column_text][\/vc_column][\/vc_row][vc_row css_animation=&#8221;none&#8221; row_content_width=&#8221;grid&#8221; el_class=&#8221;rowTitleSubtitle&#8221;][vc_column offset=&#8221;vc_col-lg-12 vc_col-md-12 vc_col-xs-12&#8243;][\/vc_column][\/vc_row][vc_row gap=&#8221;35&#8243; row_content_width=&#8221;grid&#8221; el_class=&#8221;row3Col&#8221;][vc_column width=&#8221;1\/3&#8243; el_class=&#8221;col3ColLeft&#8221; offset=&#8221;vc_col-lg-4 vc_col-md-12 vc_col-xs-12&#8243;][vc_column_text]We view the health of body and mind as a unity and thus actively further the vision of Max Grundig. He wanted [&hellip;]<\/p>\n","protected":false},"author":11,"featured_media":0,"parent":9197,"menu_order":0,"comment_status":"closed","ping_status":"closed","template":"full-width-black.php","meta":{"_acf_changed":false,"om_disable_all_campaigns":false,"_monsterinsights_skip_tracking":false,"_monsterinsights_sitenote_active":false,"_monsterinsights_sitenote_note":"","_monsterinsights_sitenote_category":0,"footnotes":""},"class_list":["post-9087","page","type-page","status-publish","hentry"],"acf":[],"aioseo_notices":[],"_links":{"self":[{"href":"https:\/\/www.max-grundig-klinik.de\/en\/wp-json\/wp\/v2\/pages\/9087","targetHints":{"allow":["GET"]}}],"collection":[{"href":"https:\/\/www.max-grundig-klinik.de\/en\/wp-json\/wp\/v2\/pages"}],"about":[{"href":"https:\/\/www.max-grundig-klinik.de\/en\/wp-json\/wp\/v2\/types\/page"}],"author":[{"embeddable":true,"href":"https:\/\/www.max-grundig-klinik.de\/en\/wp-json\/wp\/v2\/users\/11"}],"replies":[{"embeddable":true,"href":"https:\/\/www.max-grundig-klinik.de\/en\/wp-json\/wp\/v2\/comments?post=9087"}],"version-history":[{"count":13,"href":"https:\/\/www.max-grundig-klinik.de\/en\/wp-json\/wp\/v2\/pages\/9087\/revisions"}],"predecessor-version":[{"id":33409,"href":"https:\/\/www.max-grundig-klinik.de\/en\/wp-json\/wp\/v2\/pages\/9087\/revisions\/33409"}],"up":[{"embeddable":true,"href":"https:\/\/www.max-grundig-klinik.de\/en\/wp-json\/wp\/v2\/pages\/9197"}],"wp:attachment":[{"href":"https:\/\/www.max-grundig-klinik.de\/en\/wp-json\/wp\/v2\/media?parent=9087"}],"curies":[{"name":"wp","href":"https:\/\/api.w.org\/{rel}","templated":true}]}}