{"id":9367,"date":"2019-08-21T09:44:31","date_gmt":"2019-08-21T07:44:31","guid":{"rendered":"https:\/\/max-grundig-klinik.de\/?page_id=9367"},"modified":"2019-12-11T09:08:46","modified_gmt":"2019-12-11T08:08:46","slug":"allgemeine-vertragsbedingungen","status":"publish","type":"page","link":"https:\/\/www.max-grundig-klinik.de\/en\/allgemeine-vertragsbedingungen\/","title":{"rendered":"Allgemeine Vertragsbedingungen"},"content":{"rendered":"<div class=\"wpb-content-wrapper\"><p>[vc_row row_content_width=&#8221;grid&#8221; css=&#8221;.vc_custom_1548429407482{padding-top: 70px !important;}&#8221;][vc_column][vc_column_text]<\/p>\n<h1 style=\"text-align: center;\">Allgemeine Vertrags\u00adbedingungen (AVB)<\/h1>\n<p>[\/vc_column_text][\/vc_column][\/vc_row][vc_row row_content_width=&#8221;grid&#8221; el_class=&#8221;rowTextBottom&#8221;][vc_column][vc_column_text]Sehr geehrte Patientin, sehr geehrter Patient,<\/p>\n<p>die Mitarbeiter der Klinik sind mit ihrer ganzen Kraft bestrebt, Sie qualifiziert und umfassend nach den neuesten medizin\u00adischen, thera\u00adpeut\u00adischen und pfleger\u00adischen Erkenntnissen zu behandeln wie auch in sonst\u00adig\u00aden Be\u00adlangen best\u00adm\u00f6glich zu be\u00adtreuen. Zur Gew\u00e4hrleistung eines reibungs\u00adlosen Klinik\u00adbetriebs und zur Fest\u00adstellung der Rechte und Pflicht\u00aden der Patient\u00aden sind von der Klinik die nach\u00adfolgend\u00aden All\u00adgemein\u00aden Vertrags\u00adbedingung\u00aden kon\u00adzipiert worden.<\/p>\n<p><strong>Allgemeine Vertrags\u00adbedingungen (AVB)<\/strong><\/p>\n<p>der Max Grundig Klinik GmbH, Schwarzwaldhochstra\u00dfe 1, 77815 B\u00fchl vom 01.01.2018<\/p>\n<p><strong>Vorbemerkung:<\/strong><\/p>\n<p>Bei der im Jahre 1988 ge\u00adgr\u00fcndeten Klinik handelt es sich um eine nach \u00a7 30 der Gewerbeordnung kon\u00adzession\u00adierte private Kranken\u00adanstalt, deren Leistung\u00aden nach \u00a7 107 SGB V bei\u00adhilfe\u00adf\u00e4hig sind.<\/p>\n<ol>\n<li class=\"para\">\n<h3>Geltungsbereich<\/h3>\n<p>Die AVB gelten, soweit nichts anderes vereinbart ist, f\u00fcr die vertraglichen Beziehungen zwischen der Max Grundig Klinik GmbH und den Pa\u00adtient\u00aden bei station\u00ad\u00e4ren und am\u00adbulant\u00aden Klinik\u00adleistung\u00aden als auch f\u00fcr Leistung\u00aden der Unter\u00adbringung, Ver\u00adpflegung und Pflege\u00adleistungen sowie f\u00fcr sonstige Leistungen, die die Klinik ent\u00adgelt\u00adlich an\u00adbietet.<\/li>\n<li class=\"para\">\n<h3>Rechtsverh\u00e4ltnis<\/h3>\n<ol>\n<li class=\"klammer\">Die Rechtsbeziehungen zwischen der Klinik und dem Patienten sind privatrechtlicher Natur.<\/li>\n<li class=\"klammer\">Die Regelungen der AVB gelten auch f\u00fcr den ge\u00adsetz\u00adlichen Vertreter des Pa\u00adtienten und f\u00fcr den\u00adjenigen, der zu Gunsten des Pa\u00adtient\u00aden den Vertrag mit der Klinik schlie\u00dft.<\/li>\n<\/ol>\n<\/li>\n<li class=\"para\">\n<h3>Umfang der Klinik\u00adleistungen und Entgelt<\/h3>\n<ol>\n<li class=\"klammer\">Die Klinik stellt dem Patienten \u00e4rztliche Leistung\u00aden, Leistung\u00aden f\u00fcr Unter\u00adbring\u00adung, Ver\u00adpfleg\u00adung und Pflege\u00adleistung\u00aden sowie sonst\u00adige Leistung\u00aden ent\u00adgelt\u00adlich zur Ver\u00adf\u00fcg\u00adung. Das Ver\u00adtrags\u00adangebot der Klinik erstreckt sich nur auf diejenigen Leistungen, f\u00fcr die die Klinik nach ihrer medizinischen Ziel\u00adsetzung personell und sachlich aus\u00adgestattet ist. Ihrem Charakter als eine nach \u00a7 30 der Ge\u00adwerbe\u00adordnung kon\u00adzession\u00adierte Privat\u00adkranken\u00adanstalt zu\u00adfolge, findet eine Diff\u00aderenz\u00adierung zwischen All\u00adgemein\u00aden Kranken\u00adhaus\u00adleistung\u00aden und Wahl\u00adleistung\u00aden nicht statt. Die Klinik unter\u00adliegt auch nicht den gesetz\u00adlichen Bestimmungen des Kranken\u00adhaus\u00ad\u00adent\u00adgelt\u00ad\u00adgesetzes. Eine schrift\u00adliche Wahl\u00adleistungs\u00adver\u00adein\u00adbarung ist nicht Voraus\u00adsetzung f\u00fcr die Ab\u00adrechnung \u00e4rztlich\u00ader Leistung\u00aden.<\/li>\n<li class=\"klammer\">Die \u00e4rztlichen Leistungen der Klinik werden durch die in der Klinik an\u00adge\u00adstellt\u00aden \u00c4rzte er\u00adbracht und in ent\u00adsprech\u00aden\u00adder An\u00adwend\u00adung der Ge\u00adb\u00fchr\u00aden\u00adziffern der Ge\u00adb\u00fchr\u00aden\u00adordnung f\u00fcr \u00c4rzte (GO\u00c4) ab\u00adgerech\u00adnet. Die Leistung\u00aden der phy\u00adsik\u00adal\u00adisch\u00aden Therapie, Ergo\u00adtherapie, Kunst\u00adtherapie, K\u00f6rper\u00adtherapie, Musik\u00adtherapie und Sport\u00adtherapie werden nach der aktuellen Preis\u00adliste ab\u00adge\u00adrechnet. Neben den \u00e4rztlichen Leistungen und den therapeutischen Leistungen werden dem Patienten nach Abschluss der Behandlung die Kosten f\u00fcr Unterbringung, Ver\u00adpflegung sowie f\u00fcr Pflege\u00adleistung\u00aden in Rechnung ge\u00adstellt. Die Rechnungs\u00ader\u00adstell\u00adung er\u00adfolgt auf der Grund\u00adlage eines von der Klinik def\u00adiniert\u00aden Pflege\u00adsatzes f\u00fcr jeden Be\u00adhandlungs\u00adtag. Soweit keine anders lautenden vertraglichen Absprachen der Parteien ent\u00adgegen\u00adstehen, sind die ge\u00adnannten Leistung\u00aden mit der Be\u00adgleich\u00adung dieses Pflege\u00adsatzes ab\u00adgegolt\u00aden. Der Pflege\u00adsatz be\u00adtr\u00e4gt nach Ma\u00df\u00adgabe wie nach\u00adstehend\n<ul class=\"strichListe\">\n<li>\n<div class=\"agbCont\">\n<div class=\"agbLeft\">f\u00fcr akutmedizinischen Aufenthalt<\/div>\n<div class=\"agbRight\">560,00 EUR<\/div>\n<\/div>\n<\/li>\n<li>\n<div class=\"agbCont\">\n<div class=\"agbLeft\">f\u00fcr akutmedizinischen Aufenthalt Psycho\u00adsomatik<\/div>\n<div class=\"agbRight\">380,00 EUR<\/div>\n<\/div>\n<\/li>\n<li>\n<div class=\"agbCont\">\n<div class=\"agbLeft\">f\u00fcr den Aufenthalt im Rahmen einer Anschlussheilbehandlung<\/div>\n<div class=\"agbRight\">285,00 EUR<\/div>\n<\/div>\n<\/li>\n<li>\n<div class=\"agbCont\">\n<div class=\"agbLeft\">f\u00fcr den Aufenthalt im Rahmen einer Anschlussheilbehandlung<\/div>\n<div class=\"agbRight\">entspr. Kooperations\u00advertrag<\/div>\n<\/div>\n<\/li>\n<\/ul>\n<\/li>\n<li class=\"klammer\">Sollten im Zusammenhang mit dem station\u00e4ren Auf\u00adenthalt in der Klinik weitere Kosten an\u00adfallen, bei\u00adspiels\u00adweise f\u00fcr die not\u00adwendige In\u00adan\u00adspruch\u00adnahme von Fremd\u00addienst\u00adleistung\u00aden (\u00e4rzt\u00adliche Konsiliar\u00adunter\u00adsuchung\u00aden, Kranken\u00adtrans\u00adporte etc.) werden diese Kosten dem Pa\u00adtient\u00aden von dem je\u00adweilig\u00aden Leistungs\u00aderbring\u00ader ge\u00adsondert in Re\u00adchnung ge\u00adstellt.<\/li>\n<li class=\"klammer\">Bei kurz\u00adfrist\u00adig\u00aden (weniger als 3 Tage vor dem ver\u00adein\u00adbar\u00adten Ter\u00admin) Auf\u00adent\u00adhalts\u00adstorn\u00adier\u00adung\u00aden, die der Pa\u00adtient zu ver\u00adtreten hat, be\u00adh\u00e4lt sich die Klinik die Be\u00adrechnung der Leistung\u00aden vor.<\/li>\n<li class=\"klammer\">Der Rechnungsbetrag wird mit Zugang der Rechnung f\u00e4llig.<\/li>\n<li class=\"klammer\">So\u00adwohl f\u00fcr die \u00e4rzt\u00adlichen Leistung\u00aden, als auch f\u00fcr die Leistung\u00aden der Unter\u00adbring\u00adung, Ver\u00adpfleg\u00adung und Pflege\u00adleistung\u00aden k\u00f6nnen Zwischen\u00adrechnung\u00aden er\u00adteilt werden. Nach der Be\u00adendigung der Be\u00adhand\u00adlung wird eine Schluss\u00adrechnung er\u00adstellt.<\/li>\n<li class=\"klammer\">Die Nach\u00adberechnung von Leistung\u00aden, die in der Schluss\u00adrechnung nicht ent\u00adhalten sind und die Be\u00adrichtigung von Fehlern bleiben vor\u00adbehalt\u00aden.<\/li>\n<li class=\"klammer\">Der Rechnungs\u00adempf\u00e4nger kommt sp\u00e4t\u00adestens in Ver\u00adzug, wenn er nicht inner\u00adhalb von 30 Tag\u00aden nach F\u00e4llig\u00adkeit und Zu\u00adgang der Rechnung, die Zahl\u00adung leistet (\u00a7 286 Abs. 3 HS. 1 BGB). Dieser Hin\u00adweis ist ent\u00adsprech\u00adend den gesetz\u00adlichen Vor\u00adschrift\u00aden in der Rechnung ent\u00adhalten. F\u00fcr den Fall, dass der Schuld\u00adner nicht inner\u00adhalb von 30 Tagen nach F\u00e4llig\u00adkeit und Zu\u00adgang der Rechnung leistet und hier\u00addurch in Ver\u00adzug ger\u00e4t, hat die Klinik einen An\u00adspruch auf Ver\u00adzins\u00adung der Geld\u00adschuld. Der Ver\u00adzugs\u00adzins\u00adsatz be\u00adtr\u00e4gt f\u00fcr das Jahr f\u00fcnf Prozent\u00adpunkte \u00fcber dem je\u00adweilig\u00aden Basis\u00adzins\u00adsatz (\u00a7 288 BGB). Die Geltend\u00admachung eines weiter\u00adgehend\u00aden Ver\u00adzugs\u00adschadens beh\u00e4lt sich die Klinik vor.<\/li>\n<li class=\"klammer\">Die von der Klinik ver\u00adan\u00adlasst\u00aden Leistung\u00aden Dritter werden un\u00admittel\u00adbar von dem Dritten ab\u00adge\u00adrechnet. In diesem Fall ob\u00adliegt dem leistungs\u00ader\u00adbring\u00adend\u00aden Dritten auch die allein\u00adige Ver\u00adant\u00adwort\u00adung f\u00fcr die Richtig\u00adkeit der Ab\u00adrechnung.<\/li>\n<li class=\"klammer\">Eine Auf\u00adrechnung ist nur mit an\u00aderkannt\u00aden oder rechts\u00adkr\u00e4ftig fest\u00adgestellt\u00aden Forder\u00adung\u00aden zu\u00adl\u00e4ssig.<\/li>\n<\/ol>\n<\/li>\n<li class=\"para\">\n<h3>Verh\u00e4ltnis zur Privaten Krankenversicherung<\/h3>\n<ol>\n<li class=\"klammer\">Der Honoraranspruch der Klinik f\u00fcr die Erbringung \u00e4rztlicher und physik\u00adalisch-therapeutischer Leistungen besteht un\u00ad\u00adab\u00adh\u00e4ngig davon, ob und in welcher H\u00f6he die er\u00ad\u00adbrachten Leistungen ge\u00adgen\u00ad\u00fcber dem privat\u00aden Kranken\u00adversicherer des Patienten er\u00adstattungs\u00adf\u00e4hig sind. Die Abrechnung der \u00e4rztlichen Leistungen er\u00adfolgt aus\u00adschlie\u00df\u00adlich ge\u00adgen\u00ad\u00fcber dem Pa\u00adtienten. Eine Ab\u00adrechnung der Leistung\u00aden direkt mit der pri\u00advaten Kranken\u00adver\u00adsicherung ist aus\u00adge\u00adschlossen.<\/li>\n<li class=\"klammer\">Ist der Pa\u00adtient nicht pri\u00advat\u00adver\u00adsichert, bzw. liegt bei Be\u00adhandlungs\u00adbeginn keine Kosten\u00ad\u00fcber\u00adnahme\u00ader\u00adkl\u00e4rung der pri\u00advaten Kranken\u00adver\u00adsicherung vor, ist der Pa\u00adtient zur Be\u00adgleichung aller Rechnung\u00aden als Selbst\u00adzahler ver\u00adpflichtet. Hier\u00ad\u00fcber wurde der Pa\u00adtient vor Ver\u00adtrags\u00adschluss aus\u00addr\u00fccklich unter\u00adrichtet.<\/li>\n<li class=\"klammer\">In den in Abs. 2 ge\u00adnannten F\u00e4llen steht der Klinik f\u00fcr die in \u00a7 3 beschrieben\u00aden Leistung\u00aden das Recht zu, eine an\u00adgemessene Vor\u00adaus\u00adzahlung zu ver\u00adlangen. Ab dem 8. Tag des Kranken\u00adhaus\u00adauf\u00adent\u00adhalt\u00ades kann die Klinik eine an\u00adgemessene Ab\u00adschlags\u00adzahlung ver\u00adlangen, deren H\u00f6he sich an den bis\u00adher er\u00adbracht\u00aden Leistung\u00aden in Ver\u00adbindung mit der H\u00f6he der vor\u00adaus\u00adsicht\u00adlich zu zahlen\u00adden Ent\u00adgelte orientiert (ent\u00adsprechende An\u00adwendung von \u00a7 8 Abs. 7 KHEntgG).<\/li>\n<\/ol>\n<\/li>\n<li class=\"para\">\n<h3>Aufnahme und Ent\u00adlassung<\/h3>\n<ol>\n<li class=\"klammer\">Da es sich bei der Klinik um eine nach \u00a7 30 der Ge\u00adwerbe\u00adordnung kon\u00adzession\u00adierte Pri\u00advat\u00adkranken\u00adanstalt handelt, ist sie frei in ihrer Ent\u00adscheidung, mit wem sie einen Be\u00adhandlungs\u00advertrag schlie\u00dft.<\/li>\n<li class=\"klammer\">Die Klinik kann ins\u00adbesondere solche Per\u00adsonen ab\u00adweisen, die wegen un\u00adgeb\u00fchr\u00adlichen Ver\u00adhaltens der Klinik nicht zu\u00adgemutet werden k\u00f6nnen, die die Kosten im Zu\u00adsammen\u00adhang mit fr\u00fcheren Be\u00adhandlung\u00aden nicht be\u00adglichen haben oder keine aus\u00adreichende Kosten\u00addeckung nach\u00adweisen k\u00f6nnen.<\/li>\n<li class=\"klammer\">Die Leistungs\u00adpflicht der Klinik aus dem Be\u00adhandlungs\u00adver\u00adtrag endet mit der Ent\u00adlassung des Pa\u00adtienten, so\u00adfern keine nach\u00adstation\u00e4re Klinik\u00adbehandlung ein\u00adgeleitet wird. Der Patient wird ent\u00adlassen, wenn\n<ol class=\"chars\">\n<li class=\"charsLi\">er nach dem Ur\u00adteil des behandeln\u00adden Klinik\u00adarztes der station\u00ad\u00e4ren Be\u00adhandlung nicht mehr be\u00addarf oder<\/li>\n<li class=\"charsLi\">er die Ent\u00adlassung aus\u00addr\u00fccklich w\u00fcnscht.<\/li>\n<\/ol>\n<\/li>\n<li class=\"klammer\">Verl\u00e4sst der Pa\u00adtient die Klinik gegen den \u00e4rzt\u00adlichen Rat, so tut er dies auf eigene Ver\u00adant\u00adwortung. Im Falle einer er\u00adkl\u00e4rten Kosten\u00ad\u00fcber\u00adnahme f\u00fcr den station\u00ad\u00e4ren Auf\u00adent\u00adhalt durch die Pri\u00advate Kranken\u00adversicherung\u00ad\/Bei\u00adhilfe be\u00adsteht diese f\u00fcr den dort fest\u00adge\u00adsetzt\u00aden Zeit\u00adraum und setzt eine fort\u00adgesetzte un\u00adunter\u00adbrochene Be\u00adhandlung voraus. Bei Nach\u00adfrage durch den Kosten\u00adtr\u00e4ger kann es zur Be\u00adendigung der Kosten\u00ad\u00fcber\u00adnahme und damit zu er\u00adheblichen Mehr\u00ad\u00adkosten des Pa\u00adtienten kommen.<\/li>\n<\/ol>\n<\/li>\n<li class=\"para\">\n<h3>Aufzeichnungen und Daten<\/h3>\n<ol>\n<li class=\"klammer\">Kranken\u00adgeschichten, ins\u00adbesondere Kranken\u00adbl\u00e4tter, Unter\u00adsuchungs\u00adbe\u00adfunde, R\u00f6ntgen\u00adauf\u00adnahmen und andere Auf\u00adzeichnung\u00aden sind Eigen\u00adtum der Klinik.<\/li>\n<li class=\"klammer\">Patienten haben keinen Anspruch auf Herausgabe der Originalunterlagen (Abs. 1).<\/li>\n<li class=\"klammer\">Das Recht des Pa\u00adtienten oder eines von ihm Be\u00adauf\u00adtragten auf Ein\u00adsicht in die Auf\u00adzeichnungen, ggf. auf \u00dcber\u00adlassung von Kopien auf seine Kosten und die Aus\u00adkunfts\u00adpflicht des be\u00adhandelnd\u00aden Klinik\u00adarztes bleiben un\u00adber\u00fchrt.<\/li>\n<li class=\"klammer\">Die Ver\u00adarbeitung der Daten ein\u00adschlie\u00df\u00adlich ihrer Weiter\u00adgabe er\u00adfolgt unter Be\u00adachtung der gesetz\u00adlichen Regelung\u00aden, ins\u00adbesondere der Be\u00adstimm\u00adungen \u00fcber den Daten\u00adschutz, der \u00e4rzt\u00adlichen Schweige\u00adpflicht und des Sozial\u00adgeheimnis\u00adses.<\/li>\n<li class=\"klammer\">Folgende per\u00adsonen- und be\u00adhandlungs\u00adbe\u00adzogene Daten gem\u00e4\u00df \u00a7 301 SGBV k\u00f6nnen im Rahmen der Zweck\u00adbe\u00adstimmung unter Be\u00adachtung der daten\u00adschutz\u00adrecht\u00adlichen Regelungen an Dritte (z.B. Kosten\u00adtr\u00e4ger) \u00fcber\u00admittelt werden:\n<ol class=\"chars\">\n<li class=\"charsLi\">Familienname und Vor\u00adname der Ver\u00adsicherten,<\/li>\n<li class=\"charsLi\">Geburtsdatum<\/li>\n<li class=\"charsLi\">Anschrift<\/li>\n<li class=\"charsLi\">Krankenversicherungsnummer<\/li>\n<li class=\"charsLi\">Versichertenstatus,<\/li>\n<li class=\"charsLi\">den Tag, die Uhr\u00adzeit und den Grund der Auf\u00adnahme sowie die Ein\u00adweisungs\u00addiagnose, die Aufnahme\u00addiagnose, die voraus\u00adsichtliche Dauer der Kranken\u00adhaus\u00adbehandlung sowie, falls diese \u00fcber\u00adschritten wird, auf Ver\u00adlangen der Kranken\u00adkasse die medizin\u00adische Be\u00adgr\u00fcndung.<\/li>\n<li class=\"charsLi\">den Tag, die Uhr\u00adzeit und den Grund der Ent\u00adlassung oder der extern\u00aden Ver\u00adlegung sowie die Ent\u00adlassungs- oder Verlegungs\u00addiagnose,<\/li>\n<li class=\"charsLi\">An\u00adgaben \u00fcber die im je\u00adweilig\u00aden Kranken\u00adhaus durch\u00adgef\u00fchrte Re\u00adhabilitations\u00adma\u00dfnahmen sowie Vor\u00adschl\u00e4ge f\u00fcr die Art der weiteren Be\u00adhandlung mit An\u00adgabe ge\u00adeigneter Ein\u00adrichtungen.<\/li>\n<\/ol>\n<\/li>\n<\/ol>\n<\/li>\n<li class=\"para\">\n<h3>\u00c4rztliche Eingriffe<\/h3>\n<ol>\n<li class=\"klammer\">\u00c4rztliche Ein\u00adgriffe in die Un\u00adversehrt\u00adheit werden nur nach Auf\u00adkl\u00e4rung \u00fcber die Be\u00addeutung und Trag\u00adweite des Ein\u00adgriffs und nach seiner Ein\u00adwillig\u00adung vor\u00adgenommen.<\/li>\n<li class=\"klammer\">Ist der Patient au\u00dfer\u00adstande, die Ein\u00adwillig\u00adung zu er\u00adkl\u00e4ren, so wird der Ein\u00adgriff ohne Ein\u00adwillig\u00adung durch\u00adgef\u00fchrt \u2013wenn dieser nach der \u00dcber\u00adzeugung des zu\u00adst\u00e4ndigen Klinik\u00adarztes zur Ab\u00adwendung einer drohend\u00aden Lebens\u00adgefahr oder wegen einer un\u00admittel\u00adbar drohenden schwer\u00adwiegend\u00aden Be\u00adein\u00adtr\u00e4chtigung des Ges\u00adund\u00ad\u00adheits\u00adzustandes un\u00adver\u00adz\u00fcglich er\u00adforder\u00adlich ist.<\/li>\n<li class=\"klammer\">Abs. 2 gilt sinn\u00adgem\u00e4\u00df, wenn bei einer be\u00adschr\u00e4nkt ge\u00adsch\u00e4fts\u00adf\u00e4higen Person oder einer ge\u00adsch\u00e4fts\u00adun\u00adf\u00e4higen Person der gesetz\u00adliche Ver\u00adtreter nicht oder nicht recht\u00adzeitig erreich\u00adbar ist.<\/li>\n<\/ol>\n<\/li>\n<li class=\"para\">\n<h3>Eingebrachte Sachen, Haftung<\/h3>\n<ol>\n<li class=\"klammer\">In die Klinik sollen nur die not\u00adwendig\u00aden Kleidungs\u00adst\u00fccke und Gebrauchs\u00adgegen\u00adst\u00e4nde ein\u00adgebracht werden.<\/li>\n<li class=\"klammer\">Geld und Wert\u00adsachen sollen bei der Ver\u00adwaltung in zu\u00admut\u00adbarer Weise ver\u00adwahrt werden. Diese kann die Ver\u00adwahrung aus trift\u00adigem Grunde ab\u00adlehnen. F\u00fcr den Ver\u00adlust der an die Ver\u00adwaltung \u00fcber\u00adge\u00adbenen Gegen\u00adst\u00e4nde wird nur bei Vor\u00adsatz oder grober Fahr\u00adl\u00e4ssig\u00adkeit ge\u00adhaftet. An\u00adsonst\u00aden wird f\u00fcr den Ver\u00adlust von Geld- und Wert\u00adsachen nicht ge\u00adhaftet.<\/li>\n<li class=\"klammer\">F\u00fcr ein\u00adge\u00adbrachte Sachen, die in der Ob\u00adhut des Pa\u00adtienten ver\u00adbleiben sowie f\u00fcr Fahr\u00adzeuge des Pa\u00adtienten die auf dem Grund\u00adst\u00fcck der Klinik oder auf einem von der Klinik bereit\u00adgestellten Park\u00adplatz ab\u00adgestellt sind, haftet die Klinik nur bei Vor\u00adsatz oder grober Fahr\u00adl\u00e4ssig\u00adkeit.<\/li>\n<li class=\"klammer\">Haftungs\u00adan\u00adspr\u00fcche wegen Ver\u00adlust oder Be\u00adsch\u00e4digung von Geld und Wert\u00adsachen, die durch die Ver\u00adwaltung ver\u00adwahrt wurden sowie f\u00fcr Nach\u00adlass\u00adgegen\u00adst\u00e4nde, die sich in der Ver\u00adwahrung der Ver\u00adwaltung be\u00adfunden haben, m\u00fcssen inner\u00adhalb einer Frist von 3 Monaten nach Er\u00adlangung der Kennt\u00adnis von dem Ver\u00adlust oder der Be\u00adsch\u00e4digung schrift\u00adlich gel\u00adtend ge\u00admacht werden. Die Frist beginnt fr\u00fch\u00adestens mit dem Tag der Ent\u00adlassung des Pa\u00adtienten.<\/li>\n<\/ol>\n<\/li>\n<li class=\"para\">\n<h3>Hausordnung<\/h3>\n<p>Die Klinik hat eine Haus\u00adordnung er\u00adlassen, die f\u00fcr alle Pa\u00adtienten, G\u00e4ste und Mit\u00adarbeiter ver\u00adbind\u00adlich ist. Die Haus\u00adordnung, die auf den Stationen gut sicht\u00adbar aus\u00adgehangen ist, ist Bestand\u00adteil der AVBs.<\/li>\n<li class=\"para\">\n<h3>Zahlungsort<\/h3>\n<p>Der Patient hat seine Schuld auf seine Gefahr und seine Kosten in B\u00fchl\/B\u00fchlerh\u00f6he zu erf\u00fcllen.<\/li>\n<li class=\"para\">\n<h3>Inkrafttreten, Sonstiges<\/h3>\n<p>Diese AVB treten am 01.01.2018 in Kraft. Sollte eine dieser Bestimmung\u00aden un\u00adwirk\u00adsam sein oder auf Grund ge\u00ad\u00e4nderter Recht\u00adsprechung oder Gesetzes\u00adlage un\u00adwirksam werden, so hat dies nicht die Unwirk\u00adsam\u00adkeit der \u00fcbrigen Be\u00adstimmungen zur Folge.<\/li>\n<\/ol>\n<p>[\/vc_column_text][\/vc_column][\/vc_row][vc_row][vc_column][\/vc_column][\/vc_row]<\/p>\n<\/div>","protected":false},"excerpt":{"rendered":"<p>[vc_row row_content_width=&#8221;grid&#8221; css=&#8221;.vc_custom_1548429407482{padding-top: 70px !important;}&#8221;][vc_column][vc_column_text] Allgemeine Vertrags\u00adbedingungen (AVB) [\/vc_column_text][\/vc_column][\/vc_row][vc_row row_content_width=&#8221;grid&#8221; el_class=&#8221;rowTextBottom&#8221;][vc_column][vc_column_text]Sehr geehrte Patientin, sehr geehrter Patient, die Mitarbeiter der Klinik sind mit ihrer ganzen Kraft bestrebt, Sie qualifiziert und umfassend nach den neuesten medizin\u00adischen, thera\u00adpeut\u00adischen und pfleger\u00adischen Erkenntnissen zu behandeln [&hellip;]<\/p>\n","protected":false},"author":11,"featured_media":0,"parent":0,"menu_order":0,"comment_status":"closed","ping_status":"closed","template":"full-width-black.php","meta":{"_acf_changed":false,"om_disable_all_campaigns":false,"_monsterinsights_skip_tracking":false,"_monsterinsights_sitenote_active":false,"_monsterinsights_sitenote_note":"","_monsterinsights_sitenote_category":0,"footnotes":""},"class_list":["post-9367","page","type-page","status-publish","hentry"],"acf":[],"aioseo_notices":[],"_links":{"self":[{"href":"https:\/\/www.max-grundig-klinik.de\/en\/wp-json\/wp\/v2\/pages\/9367","targetHints":{"allow":["GET"]}}],"collection":[{"href":"https:\/\/www.max-grundig-klinik.de\/en\/wp-json\/wp\/v2\/pages"}],"about":[{"href":"https:\/\/www.max-grundig-klinik.de\/en\/wp-json\/wp\/v2\/types\/page"}],"author":[{"embeddable":true,"href":"https:\/\/www.max-grundig-klinik.de\/en\/wp-json\/wp\/v2\/users\/11"}],"replies":[{"embeddable":true,"href":"https:\/\/www.max-grundig-klinik.de\/en\/wp-json\/wp\/v2\/comments?post=9367"}],"version-history":[{"count":2,"href":"https:\/\/www.max-grundig-klinik.de\/en\/wp-json\/wp\/v2\/pages\/9367\/revisions"}],"predecessor-version":[{"id":25542,"href":"https:\/\/www.max-grundig-klinik.de\/en\/wp-json\/wp\/v2\/pages\/9367\/revisions\/25542"}],"wp:attachment":[{"href":"https:\/\/www.max-grundig-klinik.de\/en\/wp-json\/wp\/v2\/media?parent=9367"}],"curies":[{"name":"wp","href":"https:\/\/api.w.org\/{rel}","templated":true}]}}